{"id":92,"date":"2023-08-22T08:39:59","date_gmt":"2023-08-22T08:39:59","guid":{"rendered":"http:\/\/cpisanjorge.catedu.es\/?page_id=92"},"modified":"2025-09-11T10:07:11","modified_gmt":"2025-09-11T10:07:11","slug":"comedor-escolar","status":"publish","type":"page","link":"https:\/\/cpisanjorge.catedu.es\/?page_id=92","title":{"rendered":"Comedor Escolar"},"content":{"rendered":"\n<p>El funcionamiento del comedor de nuestro centro se hace a trav\u00e9s de la empresa <strong>Aramark<\/strong>. <\/p>\n\n\n<div class=\"wp-block-image\">\n<figure class=\"aligncenter is-resized\"><a href=\"https:\/\/www.elgustodecrecer.es\/\"><img loading=\"lazy\" decoding=\"async\" width=\"420\" height=\"147\" src=\"https:\/\/cpisanjorge.catedu.es\/wp-content\/uploads\/sites\/169\/2019\/03\/aramark.png\" alt=\"\" class=\"wp-image-1471\" style=\"width:162px;height:57px\" srcset=\"https:\/\/cpisanjorge.catedu.es\/wp-content\/uploads\/sites\/169\/2019\/03\/aramark.png 420w, https:\/\/cpisanjorge.catedu.es\/wp-content\/uploads\/sites\/169\/2019\/03\/aramark-300x105.png 300w, https:\/\/cpisanjorge.catedu.es\/wp-content\/uploads\/sites\/169\/2019\/03\/aramark-150x53.png 150w\" sizes=\"auto, (max-width: 420px) 100vw, 420px\" \/><\/a><\/figure>\n<\/div>\n\n<div class=\"wp-block-image aligncenter has-undefined-content\">\n<figure ><img loading=\"lazy\" decoding=\"async\" width=\"568\" height=\"427\" src=\"https:\/\/cpisanjorge.catedu.es\/wp-content\/uploads\/sites\/169\/2019\/01\/Comedor.jpg\" alt=\"\" class=\"wp-image-718\" srcset=\"https:\/\/cpisanjorge.catedu.es\/wp-content\/uploads\/sites\/169\/2019\/01\/Comedor.jpg 568w, https:\/\/cpisanjorge.catedu.es\/wp-content\/uploads\/sites\/169\/2019\/01\/Comedor-300x226.jpg 300w, https:\/\/cpisanjorge.catedu.es\/wp-content\/uploads\/sites\/169\/2019\/01\/Comedor-150x113.jpg 150w\" sizes=\"auto, (max-width: 568px) 100vw, 568px\" \/><\/figure>\n<\/div>\n\n\n<p><strong>USO DEL COMEDOR D\u00cdAS SUELTOS&nbsp;<\/strong><\/p>\n\n\n\n<ul class=\"wp-block-list\">\n<li>Para utilizar el servicio de comedor d\u00edas sueltos, el m\u00e1ximo al mes son 7 d\u00edas a raz\u00f3n de 6.20\u20ac el d\u00eda.<\/li>\n\n\n\n<li>A partir de 8 d\u00edas de uso, el comedor se cobra como un mes completo a 86\u20ac.<\/li>\n\n\n\n<li>Solamente pueden quedarse 10 comensales por d\u00eda por lo que, si sab\u00e9is con antelaci\u00f3n que vais a necesitar usar el comedor, por favor avisarnos al correo <strong>colesecretaria@cpisanjorge.org<\/strong> o puede pasar que no teng\u00e1is sitio.<\/li>\n<\/ul>\n\n\n\n<p><strong>\u00bfC\u00f3mo me apunto d\u00edas sueltos?(m\u00e1ximo 7 d\u00edas)<\/strong><\/p>\n\n\n\n<ul class=\"wp-block-list\">\n<li>Se informar\u00e1 al centro enviando un mail a <strong>colesecretaria@cpisanjorge.org<\/strong>&nbsp;.<\/li>\n<\/ul>\n\n\n\n<p><strong>\u00bfC\u00f3mo se paga? (m\u00e1ximo 7 d\u00edas)<\/strong><\/p>\n\n\n\n<ul class=\"wp-block-list\">\n<li>El comedor eventual se abona <strong>a mes vencido<\/strong>, os informaremos del cobro mediante <strong>TOKAPP<\/strong>.<\/li>\n<\/ul>\n\n\n\n<p><strong>ALTAS EN OCTUBRE<\/strong><\/p>\n\n\n\n<ul class=\"wp-block-list\">\n<li>Para darse de alta en\/a partir de octubre, os enviaremos un formulario cuando hayan empezado las clases.<\/li>\n<\/ul>\n\n\n\n<p><strong>ALTAS Y BAJAS EL RESTO DEL CURSO<\/strong><\/p>\n\n\n\n<p class=\"has-very-light-gray-to-cyan-bluish-gray-gradient-background has-background\">Las <strong>altas y bajas<\/strong> del servicio de comedor se informar\u00e1n antes del d\u00eda 15 del mes anterior usando el ser formulario habilitado o a trav\u00e9s del mail: <strong>colesecretaria@cpisanjorge.org<\/strong><\/p>\n\n\n\n<ul class=\"wp-block-list\">\n<li>Deber\u00e1 indicarse:<em> nombre y apellidos, curso y letra, horario de salida y si se autoriza al ni\u00f1o-a a salir solo-a (de 3\u00ba de Ed. Primaria en adelante).<\/em><\/li>\n\n\n\n<li><strong>La baja durante un mes supone no poder hacer uso del servicio durante el mes siguiente.<\/strong><\/li>\n<\/ul>\n\n\n\n<p><strong>ALERGIAS E INTOLERANCIAS:<\/strong><\/p>\n\n\n\n<ul class=\"wp-block-list\">\n<li><strong>Enviar el informe m\u00e9dico<\/strong> correspondiente porque la empresa ARAMARK los necesita, si no no env\u00edan la dieta.<\/li>\n<\/ul>\n\n\n\n<p><strong>&nbsp;HORARIO SALIDA COMEDOR SECUNDARIA:<\/strong><\/p>\n\n\n\n<ul class=\"wp-block-list\">\n<li>El alumnado de Secundaria saldr\u00e1 <strong>a las 15h<\/strong> durante la <strong>jornada reducida<\/strong> en Infantil y Primaria (horario lectivo de 9 a 13h) y<strong> a las 16h el resto del curso<\/strong>. <em>La jornada reducida suele incluir los primeros d\u00edas de septiembre y el mes de junio (<a href=\"https:\/\/educa.aragon.es\/calendario-escolar\">calendario escolar<\/a>).<\/em><\/li>\n<\/ul>\n","protected":false},"excerpt":{"rendered":"<p>El funcionamiento del comedor de nuestro centro se hace a trav\u00e9s de la empresa Aramark. USO DEL COMEDOR D\u00cdAS SUELTOS&nbsp; \u00bfC\u00f3mo me apunto d\u00edas sueltos?(m\u00e1ximo 7 d\u00edas) \u00bfC\u00f3mo se paga? (m\u00e1ximo 7 d\u00edas) ALTAS EN OCTUBRE ALTAS Y BAJAS EL RESTO DEL CURSO Las altas y bajas del servicio de &#8230;<\/p>\n<p> <a class=\"continue-reading-link\" href=\"https:\/\/cpisanjorge.catedu.es\/?page_id=92\"><span>Continue reading<\/span><i class=\"crycon-right-dir\"><\/i><\/a> <\/p>\n","protected":false},"author":580,"featured_media":0,"parent":0,"menu_order":0,"comment_status":"closed","ping_status":"closed","template":"onecolumn-page.php","meta":{"_monsterinsights_skip_tracking":false,"_monsterinsights_sitenote_active":false,"_monsterinsights_sitenote_note":"","_monsterinsights_sitenote_category":0,"footnotes":""},"class_list":["post-92","page","type-page","status-publish","hentry"],"_links":{"self":[{"href":"https:\/\/cpisanjorge.catedu.es\/index.php?rest_route=\/wp\/v2\/pages\/92","targetHints":{"allow":["GET"]}}],"collection":[{"href":"https:\/\/cpisanjorge.catedu.es\/index.php?rest_route=\/wp\/v2\/pages"}],"about":[{"href":"https:\/\/cpisanjorge.catedu.es\/index.php?rest_route=\/wp\/v2\/types\/page"}],"author":[{"embeddable":true,"href":"https:\/\/cpisanjorge.catedu.es\/index.php?rest_route=\/wp\/v2\/users\/580"}],"replies":[{"embeddable":true,"href":"https:\/\/cpisanjorge.catedu.es\/index.php?rest_route=%2Fwp%2Fv2%2Fcomments&post=92"}],"version-history":[{"count":40,"href":"https:\/\/cpisanjorge.catedu.es\/index.php?rest_route=\/wp\/v2\/pages\/92\/revisions"}],"predecessor-version":[{"id":8660,"href":"https:\/\/cpisanjorge.catedu.es\/index.php?rest_route=\/wp\/v2\/pages\/92\/revisions\/8660"}],"wp:attachment":[{"href":"https:\/\/cpisanjorge.catedu.es\/index.php?rest_route=%2Fwp%2Fv2%2Fmedia&parent=92"}],"curies":[{"name":"wp","href":"https:\/\/api.w.org\/{rel}","templated":true}]}}