{"id":8707,"date":"2025-11-11T11:54:21","date_gmt":"2025-11-11T11:54:21","guid":{"rendered":"https:\/\/cpisanjorge.catedu.es\/?page_id=8707"},"modified":"2025-11-11T11:59:19","modified_gmt":"2025-11-11T11:59:19","slug":"alergias-y-medicacion","status":"publish","type":"page","link":"https:\/\/cpisanjorge.catedu.es\/?page_id=8707","title":{"rendered":"Alergias y medicaci\u00f3n"},"content":{"rendered":"\n<p><\/p>\n\n\n\n<h2 class=\"wp-block-heading\">Notificaci\u00f3n de alergias<\/h2>\n\n\n\n<p>Es importante que como familias <strong>inform\u00e9is al centro de las posibles alergias<\/strong> de vuestros peque\u00f1os, si no lo hab\u00e9is hecho ya.<\/p>\n\n\n\n<p>Escribid un <strong>correo al tutor-a notificando la condici\u00f3n<\/strong> para evitar posibles situaciones de riesgo.<br \/><br \/><br \/><\/p>\n\n\n\n<h2 class=\"wp-block-heading\">Administraci\u00f3n de medicamentos<\/h2>\n\n\n\n<p><a href=\"https:\/\/www.boa.aragon.es\/cgi-bin\/EBOA\/BRSCGI?CMD=VERDOC&amp;BASE=BOLE&amp;PIECE=BOLE&amp;DOCS=1-40&amp;DOCR=26&amp;SEC=FIRMA&amp;RNG=200&amp;SEPARADOR=&amp;&amp;PUBL=20150624\">RESOLUCI\u00d3N de 16 de marzo de 2015, de la Direcci\u00f3n General de Ordenaci\u00f3n Acad\u00e9mica, la Direcci\u00f3n Gerencia del Servicio Aragon\u00e9s de Salud y la Direcci\u00f3n General de Salud P\u00fablica, por la que se dictan instrucciones relativas a la organizaci\u00f3n y el funcionamiento de la atenci\u00f3n sanitaria no titulada en los centros docentes de la Comunidad Aut\u00f3noma de Arag\u00f3n.<\/a><\/p>\n\n\n\n<p>Como centro docente <strong>solo se puede suministrar medicaci\u00f3n<\/strong> al alumnado <strong>bajo prescripci\u00f3n m\u00e9dica<\/strong>.<br \/>Para ello deb\u00e9is traer la medicaci\u00f3n a suministrar y la prescripci\u00f3n firmada por el m\u00e9dico.<br \/><br \/>Dejamos los dos modelos que surgen de la Resoluci\u00f3n Anterior.<\/p>\n\n\n\n<p><strong>Descargar <\/strong><a href=\"https:\/\/cpisanjorge.catedu.es\/wp-content\/uploads\/sites\/169\/2025\/11\/anexo-III.pdf\">ANEXO III Prescripci\u00f3n m\u00e9dica.<br \/><\/a><\/p>\n\n\n\n<p><strong>Descargar<a href=\"https:\/\/cpisanjorge.catedu.es\/wp-content\/uploads\/sites\/169\/2025\/11\/anexo-XI.pdf\"> <\/a><\/strong><a href=\"https:\/\/cpisanjorge.catedu.es\/wp-content\/uploads\/sites\/169\/2025\/11\/anexo-XI.pdf\">Anexo XI PRESCRIPCI\u00d3N M\u00c9DICA PARA LA ATENCI\u00d3N EN SITUACIONES DE<br \/>EMERGENCIA PREVISIBLE<\/a><\/p>\n","protected":false},"excerpt":{"rendered":"<p>Notificaci\u00f3n de alergias Es importante que como familias inform\u00e9is al centro de las posibles alergias de vuestros peque\u00f1os, si no lo hab\u00e9is hecho ya. Escribid un correo al tutor-a notificando la condici\u00f3n para evitar posibles situaciones de riesgo. Administraci\u00f3n de medicamentos RESOLUCI\u00d3N de 16 de marzo de 2015, de la &#8230;<\/p>\n<p> <a class=\"continue-reading-link\" href=\"https:\/\/cpisanjorge.catedu.es\/?page_id=8707\"><span>Continue reading<\/span><i class=\"crycon-right-dir\"><\/i><\/a> <\/p>\n","protected":false},"author":580,"featured_media":0,"parent":0,"menu_order":0,"comment_status":"closed","ping_status":"closed","template":"","meta":{"_monsterinsights_skip_tracking":false,"_monsterinsights_sitenote_active":false,"_monsterinsights_sitenote_note":"","_monsterinsights_sitenote_category":0,"footnotes":""},"class_list":["post-8707","page","type-page","status-publish","hentry"],"_links":{"self":[{"href":"https:\/\/cpisanjorge.catedu.es\/index.php?rest_route=\/wp\/v2\/pages\/8707","targetHints":{"allow":["GET"]}}],"collection":[{"href":"https:\/\/cpisanjorge.catedu.es\/index.php?rest_route=\/wp\/v2\/pages"}],"about":[{"href":"https:\/\/cpisanjorge.catedu.es\/index.php?rest_route=\/wp\/v2\/types\/page"}],"author":[{"embeddable":true,"href":"https:\/\/cpisanjorge.catedu.es\/index.php?rest_route=\/wp\/v2\/users\/580"}],"replies":[{"embeddable":true,"href":"https:\/\/cpisanjorge.catedu.es\/index.php?rest_route=%2Fwp%2Fv2%2Fcomments&post=8707"}],"version-history":[{"count":5,"href":"https:\/\/cpisanjorge.catedu.es\/index.php?rest_route=\/wp\/v2\/pages\/8707\/revisions"}],"predecessor-version":[{"id":8712,"href":"https:\/\/cpisanjorge.catedu.es\/index.php?rest_route=\/wp\/v2\/pages\/8707\/revisions\/8712"}],"wp:attachment":[{"href":"https:\/\/cpisanjorge.catedu.es\/index.php?rest_route=%2Fwp%2Fv2%2Fmedia&parent=8707"}],"curies":[{"name":"wp","href":"https:\/\/api.w.org\/{rel}","templated":true}]}}