{"id":402,"date":"2022-01-10T18:34:00","date_gmt":"2022-01-10T18:34:00","guid":{"rendered":"http:\/\/cpisanjorge.catedu.es\/?page_id=402"},"modified":"2022-02-17T19:13:45","modified_gmt":"2022-02-17T19:13:45","slug":"ingles","status":"publish","type":"page","link":"https:\/\/cpisanjorge.catedu.es\/?page_id=402","title":{"rendered":"Comisi\u00f3n de Ingl\u00e9s"},"content":{"rendered":"\n<blockquote class=\"wp-block-quote is-style-large is-layout-flow wp-block-quote-is-layout-flow\"><p>Se encarga de coordinar las propuestas did\u00e1cticas y actuaciones del profesorado del centro que imparte sus \u00e1reas en lengua inglesa.<\/p><\/blockquote>\n\n\n\n<p>Estas acciones tienen que ver con:<\/p>\n\n\n\n<ul class=\"has-pale-ocean-gradient-background has-background wp-block-list\"><li><strong>La elaboraci\u00f3n y actualizaci\u00f3n de las programaciones did\u00e1cticas.<\/strong><\/li><li><strong>La formaci\u00f3n del profesorado.<\/strong><\/li><li><strong>El equipamiento de las aulas en cuanto a recursos visuales y did\u00e1cticos.<\/strong><\/li><li><strong>La creaci\u00f3n de un banco de recursos para las diferentes \u00e1reas.<\/strong><\/li><li><strong>La coordinaci\u00f3n horizontal (en cada nivel) y vertical (entre los ciclos).<\/strong><\/li><li><strong>El fomento de la competencia oral y el h\u00e1bito lector en ingl\u00e9s.<\/strong><\/li><li><strong>La participaci\u00f3n en programas y proyectos que den respuesta a las necesidades de nuestro centro (como <em>E-twinning<\/em>, <em>Erasmus +<\/em>, etc.).<\/strong><\/li><li><strong>El fomento de la cultura y las festividades anglosajonas.<\/strong><\/li><\/ul>\n\n\n\n<p><\/p>\n","protected":false},"excerpt":{"rendered":"<p>Se encarga de coordinar las propuestas did\u00e1cticas y actuaciones del profesorado del centro que imparte sus \u00e1reas en lengua inglesa. Estas acciones tienen que ver con: La elaboraci\u00f3n y actualizaci\u00f3n de las programaciones did\u00e1cticas. La formaci\u00f3n del profesorado. El equipamiento de las aulas en cuanto a recursos visuales y did\u00e1cticos. &#8230;<\/p>\n<p> <a class=\"continue-reading-link\" href=\"https:\/\/cpisanjorge.catedu.es\/?page_id=402\"><span>Continue reading<\/span><i class=\"crycon-right-dir\"><\/i><\/a> <\/p>\n","protected":false},"author":580,"featured_media":0,"parent":0,"menu_order":0,"comment_status":"closed","ping_status":"closed","template":"","meta":{"_uag_custom_page_level_css":"","_monsterinsights_skip_tracking":false,"_monsterinsights_sitenote_active":false,"_monsterinsights_sitenote_note":"","_monsterinsights_sitenote_category":0,"footnotes":""},"class_list":["post-402","page","type-page","status-publish","hentry"],"uagb_featured_image_src":{"full":false,"thumbnail":false,"medium":false,"medium_large":false,"large":false,"1536x1536":false,"2048x2048":false,"post-thumbnail":false,"header":false,"slider":false,"columns":false,"custom":false},"uagb_author_info":{"display_name":"CPI SAN JORGE ZARAGOZA","author_link":"https:\/\/cpisanjorge.catedu.es\/?author=580"},"uagb_comment_info":0,"uagb_excerpt":"Se encarga de coordinar las propuestas did\u00e1cticas y actuaciones del profesorado del centro que imparte sus \u00e1reas en lengua inglesa. Estas acciones tienen que ver con: La elaboraci\u00f3n y actualizaci\u00f3n de las programaciones did\u00e1cticas. La formaci\u00f3n del profesorado. El equipamiento de las aulas en cuanto a recursos visuales y did\u00e1cticos. ... Continue reading","_links":{"self":[{"href":"https:\/\/cpisanjorge.catedu.es\/index.php?rest_route=\/wp\/v2\/pages\/402","targetHints":{"allow":["GET"]}}],"collection":[{"href":"https:\/\/cpisanjorge.catedu.es\/index.php?rest_route=\/wp\/v2\/pages"}],"about":[{"href":"https:\/\/cpisanjorge.catedu.es\/index.php?rest_route=\/wp\/v2\/types\/page"}],"author":[{"embeddable":true,"href":"https:\/\/cpisanjorge.catedu.es\/index.php?rest_route=\/wp\/v2\/users\/580"}],"replies":[{"embeddable":true,"href":"https:\/\/cpisanjorge.catedu.es\/index.php?rest_route=%2Fwp%2Fv2%2Fcomments&post=402"}],"version-history":[{"count":22,"href":"https:\/\/cpisanjorge.catedu.es\/index.php?rest_route=\/wp\/v2\/pages\/402\/revisions"}],"predecessor-version":[{"id":5013,"href":"https:\/\/cpisanjorge.catedu.es\/index.php?rest_route=\/wp\/v2\/pages\/402\/revisions\/5013"}],"wp:attachment":[{"href":"https:\/\/cpisanjorge.catedu.es\/index.php?rest_route=%2Fwp%2Fv2%2Fmedia&parent=402"}],"curies":[{"name":"wp","href":"https:\/\/api.w.org\/{rel}","templated":true}]}}