{"id":340,"date":"2019-01-15T00:17:45","date_gmt":"2019-01-15T00:17:45","guid":{"rendered":"http:\/\/cpisanjorge.catedu.es\/?page_id=340"},"modified":"2021-10-21T18:25:21","modified_gmt":"2021-10-21T18:25:21","slug":"libros-de-texto-y-material-escolar","status":"publish","type":"page","link":"https:\/\/cpisanjorge.catedu.es\/?page_id=340","title":{"rendered":"Libros de texto y material"},"content":{"rendered":"\n<p>La informaci\u00f3n est\u00e1 desglosada por etapa educativa en el men\u00fa lateral:<\/p>\n\n\n\n<div class=\"wp-block-image\"><figure class=\"aligncenter size-full is-resized\"><a href=\"https:\/\/cpisanjorge.catedu.es\/wp-content\/uploads\/sites\/169\/2021\/10\/image-1.png\"><img loading=\"lazy\" decoding=\"async\" src=\"https:\/\/cpisanjorge.catedu.es\/wp-content\/uploads\/sites\/169\/2021\/10\/image-1.png\" alt=\"\" class=\"wp-image-4428\" width=\"440\" height=\"124\" srcset=\"https:\/\/cpisanjorge.catedu.es\/wp-content\/uploads\/sites\/169\/2021\/10\/image-1.png 583w, https:\/\/cpisanjorge.catedu.es\/wp-content\/uploads\/sites\/169\/2021\/10\/image-1-300x84.png 300w, https:\/\/cpisanjorge.catedu.es\/wp-content\/uploads\/sites\/169\/2021\/10\/image-1-150x42.png 150w\" sizes=\"auto, (max-width: 440px) 100vw, 440px\" \/><\/a><\/figure><\/div>\n\n\n\n<p><\/p>\n","protected":false},"excerpt":{"rendered":"<p>La informaci\u00f3n est\u00e1 desglosada por etapa educativa en el men\u00fa lateral:<\/p>\n<p> <a class=\"continue-reading-link\" href=\"https:\/\/cpisanjorge.catedu.es\/?page_id=340\"><span>Continue reading<\/span><i class=\"crycon-right-dir\"><\/i><\/a> <\/p>\n","protected":false},"author":580,"featured_media":0,"parent":0,"menu_order":0,"comment_status":"closed","ping_status":"closed","template":"","meta":{"_uag_custom_page_level_css":"","_monsterinsights_skip_tracking":false,"_monsterinsights_sitenote_active":false,"_monsterinsights_sitenote_note":"","_monsterinsights_sitenote_category":0,"footnotes":""},"class_list":["post-340","page","type-page","status-publish","hentry"],"uagb_featured_image_src":{"full":false,"thumbnail":false,"medium":false,"medium_large":false,"large":false,"1536x1536":false,"2048x2048":false,"post-thumbnail":false,"header":false,"slider":false,"columns":false,"custom":false},"uagb_author_info":{"display_name":"CPI SAN JORGE ZARAGOZA","author_link":"https:\/\/cpisanjorge.catedu.es\/?author=580"},"uagb_comment_info":0,"uagb_excerpt":"La informaci\u00f3n est\u00e1 desglosada por etapa educativa en el men\u00fa lateral: Continue reading","_links":{"self":[{"href":"https:\/\/cpisanjorge.catedu.es\/index.php?rest_route=\/wp\/v2\/pages\/340","targetHints":{"allow":["GET"]}}],"collection":[{"href":"https:\/\/cpisanjorge.catedu.es\/index.php?rest_route=\/wp\/v2\/pages"}],"about":[{"href":"https:\/\/cpisanjorge.catedu.es\/index.php?rest_route=\/wp\/v2\/types\/page"}],"author":[{"embeddable":true,"href":"https:\/\/cpisanjorge.catedu.es\/index.php?rest_route=\/wp\/v2\/users\/580"}],"replies":[{"embeddable":true,"href":"https:\/\/cpisanjorge.catedu.es\/index.php?rest_route=%2Fwp%2Fv2%2Fcomments&post=340"}],"version-history":[{"count":9,"href":"https:\/\/cpisanjorge.catedu.es\/index.php?rest_route=\/wp\/v2\/pages\/340\/revisions"}],"predecessor-version":[{"id":4430,"href":"https:\/\/cpisanjorge.catedu.es\/index.php?rest_route=\/wp\/v2\/pages\/340\/revisions\/4430"}],"wp:attachment":[{"href":"https:\/\/cpisanjorge.catedu.es\/index.php?rest_route=%2Fwp%2Fv2%2Fmedia&parent=340"}],"curies":[{"name":"wp","href":"https:\/\/api.w.org\/{rel}","templated":true}]}}