{"id":3263,"date":"2020-11-24T09:37:17","date_gmt":"2020-11-24T09:37:17","guid":{"rendered":"http:\/\/cpisanjorge.catedu.es\/?page_id=3263"},"modified":"2022-02-16T20:01:38","modified_gmt":"2022-02-16T20:01:38","slug":"4o","status":"publish","type":"page","link":"https:\/\/cpisanjorge.catedu.es\/?page_id=3263","title":{"rendered":"4\u00ba"},"content":{"rendered":"\n<p>Relaci\u00f3n de Criterios de Evaluaci\u00f3n con Contenidos, Est\u00e1ndares e Instrumentos de Evaluaci\u00f3n:<\/p>\n\n\n\n<div data-wp-interactive=\"core\/file\" class=\"wp-block-file\"><object data-wp-bind--hidden=\"!state.hasPdfPreview\" hidden class=\"wp-block-file__embed\" data=\"https:\/\/cpisanjorge.catedu.es\/wp-content\/uploads\/sites\/169\/2021\/12\/MINIMOS-4o-MATEMATICAS-21-22.pdf\" type=\"application\/pdf\" style=\"width:100%;height:200px\" aria-label=\"Incrustado de Incrustado de MINIMOS-4o-MATEMATICAS-21-22..\"><\/object><a id=\"wp-block-file--media-bd321091-6b02-4457-8d18-f3f078bd96f1\" href=\"https:\/\/cpisanjorge.catedu.es\/wp-content\/uploads\/sites\/169\/2021\/12\/MINIMOS-4o-MATEMATICAS-21-22.pdf\">MINIMOS-4o-MATEMATICAS-21-22<\/a><a href=\"https:\/\/cpisanjorge.catedu.es\/wp-content\/uploads\/sites\/169\/2021\/12\/MINIMOS-4o-MATEMATICAS-21-22.pdf\" class=\"wp-block-file__button\" download aria-describedby=\"wp-block-file--media-bd321091-6b02-4457-8d18-f3f078bd96f1\">Descarga<\/a><\/div>\n\n\n\n<div data-wp-interactive=\"core\/file\" class=\"wp-block-file\"><object data-wp-bind--hidden=\"!state.hasPdfPreview\" hidden class=\"wp-block-file__embed\" data=\"https:\/\/cpisanjorge.catedu.es\/wp-content\/uploads\/sites\/169\/2021\/12\/MINIMOS-4o-LENGUA-CASTELLANA-Y-LITERATURA-21-22.pdf\" type=\"application\/pdf\" style=\"width:100%;height:200px\" aria-label=\"Incrustado de Incrustado de MINIMOS-4o-LENGUA-CASTELLANA-Y-LITERATURA-21-22..\"><\/object><a id=\"wp-block-file--media-58dce838-12e1-4047-b7d5-e6137283bb6e\" href=\"https:\/\/cpisanjorge.catedu.es\/wp-content\/uploads\/sites\/169\/2021\/12\/MINIMOS-4o-LENGUA-CASTELLANA-Y-LITERATURA-21-22.pdf\">MINIMOS-4o-LENGUA-CASTELLANA-Y-LITERATURA-21-22<\/a><a href=\"https:\/\/cpisanjorge.catedu.es\/wp-content\/uploads\/sites\/169\/2021\/12\/MINIMOS-4o-LENGUA-CASTELLANA-Y-LITERATURA-21-22.pdf\" class=\"wp-block-file__button\" download aria-describedby=\"wp-block-file--media-58dce838-12e1-4047-b7d5-e6137283bb6e\">Descarga<\/a><\/div>\n\n\n\n<div data-wp-interactive=\"core\/file\" class=\"wp-block-file\"><object data-wp-bind--hidden=\"!state.hasPdfPreview\" hidden class=\"wp-block-file__embed\" data=\"https:\/\/cpisanjorge.catedu.es\/wp-content\/uploads\/sites\/169\/2021\/12\/MINIMOS-4o-LENGUA-EXTRANJERA_-INGLES-21-22.pdf\" type=\"application\/pdf\" style=\"width:100%;height:200px\" aria-label=\"Incrustado de Incrustado de MINIMOS-4o-LENGUA-EXTRANJERA_-INGLES-21-22..\"><\/object><a id=\"wp-block-file--media-0a715640-e7ff-483c-8a0c-18195c10a771\" href=\"https:\/\/cpisanjorge.catedu.es\/wp-content\/uploads\/sites\/169\/2021\/12\/MINIMOS-4o-LENGUA-EXTRANJERA_-INGLES-21-22.pdf\">MINIMOS-4o-LENGUA-EXTRANJERA_-INGLES-21-22<\/a><a href=\"https:\/\/cpisanjorge.catedu.es\/wp-content\/uploads\/sites\/169\/2021\/12\/MINIMOS-4o-LENGUA-EXTRANJERA_-INGLES-21-22.pdf\" class=\"wp-block-file__button\" download aria-describedby=\"wp-block-file--media-0a715640-e7ff-483c-8a0c-18195c10a771\">Descarga<\/a><\/div>\n\n\n\n<div data-wp-interactive=\"core\/file\" class=\"wp-block-file\"><object data-wp-bind--hidden=\"!state.hasPdfPreview\" hidden class=\"wp-block-file__embed\" data=\"https:\/\/cpisanjorge.catedu.es\/wp-content\/uploads\/sites\/169\/2021\/12\/MINIMOS-4o-CIENCIAS-DE-LA-NATURALEZA-21-22.pdf\" type=\"application\/pdf\" style=\"width:100%;height:200px\" aria-label=\"Incrustado de Incrustado de MINIMOS-4o-CIENCIAS-DE-LA-NATURALEZA-21-22..\"><\/object><a id=\"wp-block-file--media-2271ed2d-0f71-4f40-8a2a-744f68ad7313\" href=\"https:\/\/cpisanjorge.catedu.es\/wp-content\/uploads\/sites\/169\/2021\/12\/MINIMOS-4o-CIENCIAS-DE-LA-NATURALEZA-21-22.pdf\">MINIMOS-4o-CIENCIAS-DE-LA-NATURALEZA-21-22<\/a><a href=\"https:\/\/cpisanjorge.catedu.es\/wp-content\/uploads\/sites\/169\/2021\/12\/MINIMOS-4o-CIENCIAS-DE-LA-NATURALEZA-21-22.pdf\" class=\"wp-block-file__button\" download aria-describedby=\"wp-block-file--media-2271ed2d-0f71-4f40-8a2a-744f68ad7313\">Descarga<\/a><\/div>\n\n\n\n<div data-wp-interactive=\"core\/file\" class=\"wp-block-file\"><object data-wp-bind--hidden=\"!state.hasPdfPreview\" hidden class=\"wp-block-file__embed\" data=\"https:\/\/cpisanjorge.catedu.es\/wp-content\/uploads\/sites\/169\/2021\/12\/MINIMOS-4o-CIENCIAS-SOCIALES-21-22.pdf\" type=\"application\/pdf\" style=\"width:100%;height:200px\" aria-label=\"Incrustado de Incrustado de MINIMOS-4o-CIENCIAS-SOCIALES-21-22..\"><\/object><a id=\"wp-block-file--media-ffecfa10-4e83-45ce-8dfa-733031c4d404\" href=\"https:\/\/cpisanjorge.catedu.es\/wp-content\/uploads\/sites\/169\/2021\/12\/MINIMOS-4o-CIENCIAS-SOCIALES-21-22.pdf\">MINIMOS-4o-CIENCIAS-SOCIALES-21-22<\/a><a href=\"https:\/\/cpisanjorge.catedu.es\/wp-content\/uploads\/sites\/169\/2021\/12\/MINIMOS-4o-CIENCIAS-SOCIALES-21-22.pdf\" class=\"wp-block-file__button\" download aria-describedby=\"wp-block-file--media-ffecfa10-4e83-45ce-8dfa-733031c4d404\">Descarga<\/a><\/div>\n\n\n\n<div data-wp-interactive=\"core\/file\" class=\"wp-block-file\"><object data-wp-bind--hidden=\"!state.hasPdfPreview\" hidden class=\"wp-block-file__embed\" data=\"https:\/\/cpisanjorge.catedu.es\/wp-content\/uploads\/sites\/169\/2022\/02\/MINIMOS-4o-EDUCACION-FISICA.docx.pdf\" type=\"application\/pdf\" style=\"width:100%;height:200px\" aria-label=\"Incrustado de Incrustado de MINIMOS-4o-EDUCACION-FISICA.docx..\"><\/object><a id=\"wp-block-file--media-9963b9d1-794c-45e6-8b42-1eb8cba4ed89\" href=\"https:\/\/cpisanjorge.catedu.es\/wp-content\/uploads\/sites\/169\/2022\/02\/MINIMOS-4o-EDUCACION-FISICA.docx.pdf\">MINIMOS-4o-EDUCACION-FISICA.docx<\/a><a href=\"https:\/\/cpisanjorge.catedu.es\/wp-content\/uploads\/sites\/169\/2022\/02\/MINIMOS-4o-EDUCACION-FISICA.docx.pdf\" class=\"wp-block-file__button\" download aria-describedby=\"wp-block-file--media-9963b9d1-794c-45e6-8b42-1eb8cba4ed89\">Descarga<\/a><\/div>\n\n\n\n<div data-wp-interactive=\"core\/file\" class=\"wp-block-file\"><object data-wp-bind--hidden=\"!state.hasPdfPreview\" hidden class=\"wp-block-file__embed\" data=\"https:\/\/cpisanjorge.catedu.es\/wp-content\/uploads\/sites\/169\/2021\/12\/MINIMOS-4o-EDUCACION-ARTISTICA_-EDUCACION-MUSICAL-21-22.pdf\" type=\"application\/pdf\" style=\"width:100%;height:200px\" aria-label=\"Incrustado de Incrustado de MINIMOS-4o-EDUCACION-ARTISTICA_-EDUCACION-MUSICAL-21-22..\"><\/object><a id=\"wp-block-file--media-753e77c1-a72b-41ce-baf4-08705584355c\" href=\"https:\/\/cpisanjorge.catedu.es\/wp-content\/uploads\/sites\/169\/2021\/12\/MINIMOS-4o-EDUCACION-ARTISTICA_-EDUCACION-MUSICAL-21-22.pdf\">MINIMOS-4o-EDUCACION-ARTISTICA_-EDUCACION-MUSICAL-21-22<\/a><a href=\"https:\/\/cpisanjorge.catedu.es\/wp-content\/uploads\/sites\/169\/2021\/12\/MINIMOS-4o-EDUCACION-ARTISTICA_-EDUCACION-MUSICAL-21-22.pdf\" class=\"wp-block-file__button\" download aria-describedby=\"wp-block-file--media-753e77c1-a72b-41ce-baf4-08705584355c\">Descarga<\/a><\/div>\n\n\n\n<div data-wp-interactive=\"core\/file\" class=\"wp-block-file\"><object data-wp-bind--hidden=\"!state.hasPdfPreview\" hidden class=\"wp-block-file__embed\" data=\"https:\/\/cpisanjorge.catedu.es\/wp-content\/uploads\/sites\/169\/2021\/12\/MINIMOS-4o-EDUCACION-ARTISTICA_-EDUCACION-PLASTICA-21-22.pdf\" type=\"application\/pdf\" style=\"width:100%;height:200px\" aria-label=\"Incrustado de Incrustado de MINIMOS-4o-EDUCACION-ARTISTICA_-EDUCACION-PLASTICA-21-22..\"><\/object><a id=\"wp-block-file--media-19d35c2f-a38a-4561-b7a5-3c1bd3d45b54\" href=\"https:\/\/cpisanjorge.catedu.es\/wp-content\/uploads\/sites\/169\/2021\/12\/MINIMOS-4o-EDUCACION-ARTISTICA_-EDUCACION-PLASTICA-21-22.pdf\">MINIMOS-4o-EDUCACION-ARTISTICA_-EDUCACION-PLASTICA-21-22<\/a><a href=\"https:\/\/cpisanjorge.catedu.es\/wp-content\/uploads\/sites\/169\/2021\/12\/MINIMOS-4o-EDUCACION-ARTISTICA_-EDUCACION-PLASTICA-21-22.pdf\" class=\"wp-block-file__button\" download aria-describedby=\"wp-block-file--media-19d35c2f-a38a-4561-b7a5-3c1bd3d45b54\">Descarga<\/a><\/div>\n\n\n\n<div data-wp-interactive=\"core\/file\" class=\"wp-block-file\"><object data-wp-bind--hidden=\"!state.hasPdfPreview\" hidden class=\"wp-block-file__embed\" data=\"https:\/\/cpisanjorge.catedu.es\/wp-content\/uploads\/sites\/169\/2021\/12\/MINIMOS-4o-VALORES-SOCIALES-Y-CIVICOS-21-22.pdf\" type=\"application\/pdf\" style=\"width:100%;height:200px\" aria-label=\"Incrustado de Incrustado de MINIMOS-4o-VALORES-SOCIALES-Y-CIVICOS-21-22..\"><\/object><a id=\"wp-block-file--media-d43124ff-1cec-4690-a614-48a5b0e2979c\" href=\"https:\/\/cpisanjorge.catedu.es\/wp-content\/uploads\/sites\/169\/2021\/12\/MINIMOS-4o-VALORES-SOCIALES-Y-CIVICOS-21-22.pdf\">MINIMOS-4o-VALORES-SOCIALES-Y-CIVICOS-21-22<\/a><a href=\"https:\/\/cpisanjorge.catedu.es\/wp-content\/uploads\/sites\/169\/2021\/12\/MINIMOS-4o-VALORES-SOCIALES-Y-CIVICOS-21-22.pdf\" class=\"wp-block-file__button\" download aria-describedby=\"wp-block-file--media-d43124ff-1cec-4690-a614-48a5b0e2979c\">Descarga<\/a><\/div>\n\n\n\n<div data-wp-interactive=\"core\/file\" class=\"wp-block-file\"><object data-wp-bind--hidden=\"!state.hasPdfPreview\" hidden class=\"wp-block-file__embed\" data=\"https:\/\/cpisanjorge.catedu.es\/wp-content\/uploads\/sites\/169\/2021\/12\/MINIMOS-4o-RELIGION-21-22.pdf\" type=\"application\/pdf\" style=\"width:100%;height:200px\" aria-label=\"Incrustado de Incrustado de MINIMOS-4o-RELIGION-21-22..\"><\/object><a id=\"wp-block-file--media-26d0de18-afeb-48eb-a315-6689c6c23763\" href=\"https:\/\/cpisanjorge.catedu.es\/wp-content\/uploads\/sites\/169\/2021\/12\/MINIMOS-4o-RELIGION-21-22.pdf\">MINIMOS-4o-RELIGION-21-22<\/a><a href=\"https:\/\/cpisanjorge.catedu.es\/wp-content\/uploads\/sites\/169\/2021\/12\/MINIMOS-4o-RELIGION-21-22.pdf\" class=\"wp-block-file__button\" download aria-describedby=\"wp-block-file--media-26d0de18-afeb-48eb-a315-6689c6c23763\">Descarga<\/a><\/div>\n\n\n\n<p><\/p>\n","protected":false},"excerpt":{"rendered":"<p>Relaci\u00f3n de Criterios de Evaluaci\u00f3n con Contenidos, Est\u00e1ndares e Instrumentos de Evaluaci\u00f3n:<\/p>\n<p> <a class=\"continue-reading-link\" href=\"https:\/\/cpisanjorge.catedu.es\/?page_id=3263\"><span>Continue reading<\/span><i class=\"crycon-right-dir\"><\/i><\/a> <\/p>\n","protected":false},"author":580,"featured_media":0,"parent":0,"menu_order":0,"comment_status":"closed","ping_status":"closed","template":"","meta":{"_monsterinsights_skip_tracking":false,"_monsterinsights_sitenote_active":false,"_monsterinsights_sitenote_note":"","_monsterinsights_sitenote_category":0,"footnotes":""},"class_list":["post-3263","page","type-page","status-publish","hentry"],"_links":{"self":[{"href":"https:\/\/cpisanjorge.catedu.es\/index.php?rest_route=\/wp\/v2\/pages\/3263","targetHints":{"allow":["GET"]}}],"collection":[{"href":"https:\/\/cpisanjorge.catedu.es\/index.php?rest_route=\/wp\/v2\/pages"}],"about":[{"href":"https:\/\/cpisanjorge.catedu.es\/index.php?rest_route=\/wp\/v2\/types\/page"}],"author":[{"embeddable":true,"href":"https:\/\/cpisanjorge.catedu.es\/index.php?rest_route=\/wp\/v2\/users\/580"}],"replies":[{"embeddable":true,"href":"https:\/\/cpisanjorge.catedu.es\/index.php?rest_route=%2Fwp%2Fv2%2Fcomments&post=3263"}],"version-history":[{"count":5,"href":"https:\/\/cpisanjorge.catedu.es\/index.php?rest_route=\/wp\/v2\/pages\/3263\/revisions"}],"predecessor-version":[{"id":5001,"href":"https:\/\/cpisanjorge.catedu.es\/index.php?rest_route=\/wp\/v2\/pages\/3263\/revisions\/5001"}],"wp:attachment":[{"href":"https:\/\/cpisanjorge.catedu.es\/index.php?rest_route=%2Fwp%2Fv2%2Fmedia&parent=3263"}],"curies":[{"name":"wp","href":"https:\/\/api.w.org\/{rel}","templated":true}]}}