{"id":294,"date":"2019-01-14T23:55:12","date_gmt":"2019-01-14T23:55:12","guid":{"rendered":"http:\/\/cpisanjorge.catedu.es\/?page_id=294"},"modified":"2019-11-26T19:31:29","modified_gmt":"2019-11-26T19:31:29","slug":"proyecto-educativo","status":"publish","type":"page","link":"https:\/\/cpisanjorge.catedu.es\/?page_id=294","title":{"rendered":"Proyecto Educativo"},"content":{"rendered":"\n<p>Abogamos por una escuela p\u00fablica de calidad que implica varios PRINCIPIOS:<\/p>\n\n\n\n<p> \uf0fc La educaci\u00f3n integral del alumnado, procurando educar en el <strong><em>equilibrio de la Competencia Curricular y la Ciudadana<\/em><\/strong>: UNA ENSE\u00d1ANZA EFICAZ REQUIERE DE UNA RELACI\u00d3N EFICAZ.<\/p>\n\n\n\n<p>\uf0fc El <em>valor de las lenguas<\/em>, especialmente la inglesa y castellana, como ejes fundamentales en el proceso de aprendizaje y socializaci\u00f3n de las personas. La <strong><em>Ense\u00f1anza Biling\u00fce<\/em><\/strong> otorga el valor intr\u00ednseco de la interculturalidad, buscando el desarrollo de la Competencia Ling\u00fc\u00edstica. <\/p>\n\n\n\n<blockquote class=\"wp-block-quote is-layout-flow wp-block-quote-is-layout-flow\"><p>Programa British Council (Impartici\u00f3n de Curr\u00edculum Integrado ingl\u00e9s y aragon\u00e9s) &#8211; Programa Leer Juntos &#8211; Biblioteca Escolar&#8230; <br \/><\/p><\/blockquote>\n\n\n\n<div class=\"wp-block-image\"><figure class=\"aligncenter is-resized\"><img loading=\"lazy\" decoding=\"async\" src=\"https:\/\/cpisanjorge.catedu.es\/wp-content\/uploads\/sites\/169\/2019\/11\/centro.jpg\" alt=\"\" class=\"wp-image-2236\" width=\"558\" height=\"352\" srcset=\"https:\/\/cpisanjorge.catedu.es\/wp-content\/uploads\/sites\/169\/2019\/11\/centro.jpg 911w, https:\/\/cpisanjorge.catedu.es\/wp-content\/uploads\/sites\/169\/2019\/11\/centro-300x189.jpg 300w, https:\/\/cpisanjorge.catedu.es\/wp-content\/uploads\/sites\/169\/2019\/11\/centro-768x485.jpg 768w, https:\/\/cpisanjorge.catedu.es\/wp-content\/uploads\/sites\/169\/2019\/11\/centro-150x95.jpg 150w\" sizes=\"auto, (max-width: 558px) 100vw, 558px\" \/><\/figure><\/div>\n\n\n\n<p>\uf0fc La <strong><em>Educaci\u00f3n en la Salud<\/em><\/strong>, participando del Plan de Frutas y fomentando el almuerzo sano, promocionando el deporte y el cuidado de uno mismo-a (como centro perteneciente a la Red de Escuelas Promotoras de Salud) y con un Proyecto Deportivo de Centro; desarrollando nuevas metodolog\u00edas en el \u00e1rea de Educaci\u00f3n F\u00edsica y la Psicomotricidad y potenciando un Proyecto de Innovaci\u00f3n referido a la Psicomotricidad y la oralidad, que une dos de nuestros pilares. <\/p>\n\n\n\n<p>\uf0fc La <strong><em>formaci\u00f3n en Valores Democr\u00e1ticos<\/em><\/strong>. Se incentivan las buenas pr\u00e1cticas sociales, el civismo, la cooperaci\u00f3n, el cuidado del Medio Ambiente y la solidaridad.<\/p>\n\n\n\n<p>\uf0fc <strong><em>Valores Personales<\/em><\/strong> como el esfuerzo, la superaci\u00f3n, la tolerancia a la frustraci\u00f3n y la perseverancia. <\/p>\n\n\n\n<p>\uf0fc El <strong><em>uso de las Nuevas Tecnolog\u00edas de la Informaci\u00f3n<\/em><\/strong> como medio de aprendizaje, comunicaci\u00f3n y de conocimiento: PDI, Mesas de luz, proyectores, tablet, sala inform\u00e1tica, rob\u00f3tica, utilizaci\u00f3n de apps y programas inform\u00e1ticos para presentaciones, montajes audiovisuales\u2026 <\/p>\n\n\n\n<p>\uf0fc Competencia matem\u00e1tica a trav\u00e9s de <strong><em>Metodolog\u00edas Manipulativas<\/em><\/strong>: ABN, Programa Ajedrez en la escuela de forma curricular, juegos matem\u00e1ticos\u2026 <\/p>\n\n\n\n<blockquote class=\"wp-block-quote is-layout-flow wp-block-quote-is-layout-flow\"><p>Pretendemos dotar al alumnado de los instrumentos necesarios para formar personas competentes que tengan la inquietud de formarse a lo largo de toda su vida.<\/p><\/blockquote>\n\n\n\n<div class=\"wp-block-image\"><figure class=\"aligncenter is-resized\"><img loading=\"lazy\" decoding=\"async\" src=\"https:\/\/cpisanjorge.catedu.es\/wp-content\/uploads\/sites\/169\/2018\/11\/T\u00cdTULOweb-1.png\" alt=\"\" class=\"wp-image-76\" width=\"473\" height=\"128\" srcset=\"https:\/\/cpisanjorge.catedu.es\/wp-content\/uploads\/sites\/169\/2018\/11\/T\u00cdTULOweb-1-300x82.png 300w, https:\/\/cpisanjorge.catedu.es\/wp-content\/uploads\/sites\/169\/2018\/11\/T\u00cdTULOweb-1-768x210.png 768w\" sizes=\"auto, (max-width: 473px) 100vw, 473px\" \/><\/figure><\/div>\n","protected":false},"excerpt":{"rendered":"<p>Abogamos por una escuela p\u00fablica de calidad que implica varios PRINCIPIOS: \uf0fc La educaci\u00f3n integral del alumnado, procurando educar en el equilibrio de la Competencia Curricular y la Ciudadana: UNA ENSE\u00d1ANZA EFICAZ REQUIERE DE UNA RELACI\u00d3N EFICAZ. \uf0fc El valor de las lenguas, especialmente la inglesa y castellana, como ejes &#8230;<\/p>\n<p> <a class=\"continue-reading-link\" href=\"https:\/\/cpisanjorge.catedu.es\/?page_id=294\"><span>Continue reading<\/span><i class=\"crycon-right-dir\"><\/i><\/a> <\/p>\n","protected":false},"author":580,"featured_media":0,"parent":0,"menu_order":0,"comment_status":"closed","ping_status":"closed","template":"","meta":{"_uag_custom_page_level_css":"","_monsterinsights_skip_tracking":false,"_monsterinsights_sitenote_active":false,"_monsterinsights_sitenote_note":"","_monsterinsights_sitenote_category":0,"footnotes":""},"class_list":["post-294","page","type-page","status-publish","hentry"],"uagb_featured_image_src":{"full":false,"thumbnail":false,"medium":false,"medium_large":false,"large":false,"1536x1536":false,"2048x2048":false,"post-thumbnail":false,"header":false,"slider":false,"columns":false,"custom":false},"uagb_author_info":{"display_name":"CPI SAN JORGE ZARAGOZA","author_link":"https:\/\/cpisanjorge.catedu.es\/?author=580"},"uagb_comment_info":0,"uagb_excerpt":"Abogamos por una escuela p\u00fablica de calidad que implica varios PRINCIPIOS: \uf0fc La educaci\u00f3n integral del alumnado, procurando educar en el equilibrio de la Competencia Curricular y la Ciudadana: UNA ENSE\u00d1ANZA EFICAZ REQUIERE DE UNA RELACI\u00d3N EFICAZ. \uf0fc El valor de las lenguas, especialmente la inglesa y castellana, como ejes ... Continue reading","_links":{"self":[{"href":"https:\/\/cpisanjorge.catedu.es\/index.php?rest_route=\/wp\/v2\/pages\/294","targetHints":{"allow":["GET"]}}],"collection":[{"href":"https:\/\/cpisanjorge.catedu.es\/index.php?rest_route=\/wp\/v2\/pages"}],"about":[{"href":"https:\/\/cpisanjorge.catedu.es\/index.php?rest_route=\/wp\/v2\/types\/page"}],"author":[{"embeddable":true,"href":"https:\/\/cpisanjorge.catedu.es\/index.php?rest_route=\/wp\/v2\/users\/580"}],"replies":[{"embeddable":true,"href":"https:\/\/cpisanjorge.catedu.es\/index.php?rest_route=%2Fwp%2Fv2%2Fcomments&post=294"}],"version-history":[{"count":13,"href":"https:\/\/cpisanjorge.catedu.es\/index.php?rest_route=\/wp\/v2\/pages\/294\/revisions"}],"predecessor-version":[{"id":2242,"href":"https:\/\/cpisanjorge.catedu.es\/index.php?rest_route=\/wp\/v2\/pages\/294\/revisions\/2242"}],"wp:attachment":[{"href":"https:\/\/cpisanjorge.catedu.es\/index.php?rest_route=%2Fwp%2Fv2%2Fmedia&parent=294"}],"curies":[{"name":"wp","href":"https:\/\/api.w.org\/{rel}","templated":true}]}}