{"id":29,"date":"2023-07-04T08:33:34","date_gmt":"2023-07-04T08:33:34","guid":{"rendered":"http:\/\/cpisanjorge.catedu.es\/?page_id=29"},"modified":"2023-07-04T08:33:34","modified_gmt":"2023-07-04T08:33:34","slug":"nuestro-centro","status":"publish","type":"page","link":"https:\/\/cpisanjorge.catedu.es\/?page_id=29","title":{"rendered":"NUESTRO CENTRO"},"content":{"rendered":"\n<figure class=\"wp-block-image\"><img loading=\"lazy\" decoding=\"async\" width=\"2388\" height=\"520\" src=\"https:\/\/cpisanjorge.catedu.es\/wp-content\/uploads\/sites\/169\/2019\/01\/cole.png\" alt=\"\" class=\"wp-image-127\" srcset=\"https:\/\/cpisanjorge.catedu.es\/wp-content\/uploads\/sites\/169\/2019\/01\/cole.png 2388w, https:\/\/cpisanjorge.catedu.es\/wp-content\/uploads\/sites\/169\/2019\/01\/cole-300x65.png 300w, https:\/\/cpisanjorge.catedu.es\/wp-content\/uploads\/sites\/169\/2019\/01\/cole-768x167.png 768w, https:\/\/cpisanjorge.catedu.es\/wp-content\/uploads\/sites\/169\/2019\/01\/cole-1024x223.png 1024w\" sizes=\"auto, (max-width: 2388px) 100vw, 2388px\" \/><\/figure>\n\n\n\n<p>El CPI San Jorge es un <strong>centro educativo p\u00fablico<\/strong> que se encuentra en el barrio de <strong><a href=\"https:\/\/es.wikipedia.org\/wiki\/Valdespartera\" target=\"_blank\" rel=\"noreferrer noopener\">Valdespartera<\/a><\/strong>, en la zona sur de Zaragoza. <\/p>\n\n\n\n<p>Su construcci\u00f3n se inici\u00f3 en el a\u00f1o 2013 como Colegio P\u00fablico de Educaci\u00f3n Infantil y Primaria. Durante el curso 2018-19 se consolida el cambio de denominaci\u00f3n a <strong>Centro P\u00fablico Integrado<\/strong> (CPI), lo que viene a significar la integraci\u00f3n de las etapas educativas de <em>Infantil, Primaria y Educaci\u00f3n Secundaria<\/em>. <\/p>\n\n\n\n<p>Adem\u00e1s, es un <strong>centro biling\u00fce<\/strong> <strong>en ingl\u00e9s<\/strong> acogido al Programa <strong><a rel=\"noreferrer noopener\" href=\"https:\/\/educa.aragon.es\/en\/brit-aragon\" target=\"_blank\">BRIT<\/a>&#8211;<a rel=\"noreferrer noopener\" href=\"https:\/\/www.educacionyfp.gob.es\/mc\/british-council\/programa.html\" target=\"_blank\">British Council<\/a><\/strong>, y <a rel=\"noreferrer noopener\" href=\"https:\/\/www.canva.com\/design\/DAEzQKwxM08\/nh9LYI-ypyQGtFsIrbS7lw\/view?utm_content=DAEzQKwxM08&amp;utm_campaign=designshare&amp;utm_medium=link&amp;utm_source=publishsharelink#1\" target=\"_blank\"><strong>centro de atenci\u00f3n preferente<\/strong> <strong>TEA<\/strong><\/a> (alumnado con necesidades educativas especiales derivadas de un trastorno del espectro autista).<\/p>\n\n\n\n<figure class=\"wp-block-gallery has-nested-images columns-default is-cropped wp-block-gallery-1 is-layout-flex wp-block-gallery-is-layout-flex\">\n<figure class=\"wp-block-image size-large\"><a href=\"https:\/\/cpisanjorge.catedu.es\/wp-content\/uploads\/sites\/169\/2022\/06\/rampa2.jpg\"><img loading=\"lazy\" decoding=\"async\" width=\"817\" height=\"748\" data-id=\"5508\" src=\"https:\/\/cpisanjorge.catedu.es\/wp-content\/uploads\/sites\/169\/2022\/06\/rampa2.jpg\" alt=\"\" class=\"wp-image-5508\" srcset=\"https:\/\/cpisanjorge.catedu.es\/wp-content\/uploads\/sites\/169\/2022\/06\/rampa2.jpg 817w, https:\/\/cpisanjorge.catedu.es\/wp-content\/uploads\/sites\/169\/2022\/06\/rampa2-300x275.jpg 300w, https:\/\/cpisanjorge.catedu.es\/wp-content\/uploads\/sites\/169\/2022\/06\/rampa2-768x703.jpg 768w, https:\/\/cpisanjorge.catedu.es\/wp-content\/uploads\/sites\/169\/2022\/06\/rampa2-150x137.jpg 150w\" sizes=\"auto, (max-width: 817px) 100vw, 817px\" \/><\/a><\/figure>\n\n\n\n<figure class=\"wp-block-image size-large\"><a href=\"https:\/\/cpisanjorge.catedu.es\/wp-content\/uploads\/sites\/169\/2022\/06\/patio-Primaria2.jpg\"><img loading=\"lazy\" decoding=\"async\" width=\"863\" height=\"577\" data-id=\"5505\" src=\"https:\/\/cpisanjorge.catedu.es\/wp-content\/uploads\/sites\/169\/2022\/06\/patio-Primaria2.jpg\" alt=\"\" class=\"wp-image-5505\" srcset=\"https:\/\/cpisanjorge.catedu.es\/wp-content\/uploads\/sites\/169\/2022\/06\/patio-Primaria2.jpg 863w, https:\/\/cpisanjorge.catedu.es\/wp-content\/uploads\/sites\/169\/2022\/06\/patio-Primaria2-300x201.jpg 300w, https:\/\/cpisanjorge.catedu.es\/wp-content\/uploads\/sites\/169\/2022\/06\/patio-Primaria2-768x513.jpg 768w, https:\/\/cpisanjorge.catedu.es\/wp-content\/uploads\/sites\/169\/2022\/06\/patio-Primaria2-150x100.jpg 150w\" sizes=\"auto, (max-width: 863px) 100vw, 863px\" \/><\/a><\/figure>\n\n\n\n<figure class=\"wp-block-image size-large\"><a href=\"https:\/\/cpisanjorge.catedu.es\/wp-content\/uploads\/sites\/169\/2022\/06\/Infantil-Primaria2.jpg\"><img loading=\"lazy\" decoding=\"async\" width=\"915\" height=\"617\" data-id=\"5506\" src=\"https:\/\/cpisanjorge.catedu.es\/wp-content\/uploads\/sites\/169\/2022\/06\/Infantil-Primaria2.jpg\" alt=\"\" class=\"wp-image-5506\" srcset=\"https:\/\/cpisanjorge.catedu.es\/wp-content\/uploads\/sites\/169\/2022\/06\/Infantil-Primaria2.jpg 915w, https:\/\/cpisanjorge.catedu.es\/wp-content\/uploads\/sites\/169\/2022\/06\/Infantil-Primaria2-300x202.jpg 300w, https:\/\/cpisanjorge.catedu.es\/wp-content\/uploads\/sites\/169\/2022\/06\/Infantil-Primaria2-768x518.jpg 768w, https:\/\/cpisanjorge.catedu.es\/wp-content\/uploads\/sites\/169\/2022\/06\/Infantil-Primaria2-150x101.jpg 150w\" sizes=\"auto, (max-width: 915px) 100vw, 915px\" \/><\/a><\/figure>\n\n\n\n<figure class=\"wp-block-image size-large\"><a href=\"https:\/\/cpisanjorge.catedu.es\/wp-content\/uploads\/sites\/169\/2022\/06\/patio-Infantil2.jpg\"><img loading=\"lazy\" decoding=\"async\" width=\"999\" height=\"576\" data-id=\"5504\" src=\"https:\/\/cpisanjorge.catedu.es\/wp-content\/uploads\/sites\/169\/2022\/06\/patio-Infantil2.jpg\" alt=\"\" class=\"wp-image-5504\" srcset=\"https:\/\/cpisanjorge.catedu.es\/wp-content\/uploads\/sites\/169\/2022\/06\/patio-Infantil2.jpg 999w, https:\/\/cpisanjorge.catedu.es\/wp-content\/uploads\/sites\/169\/2022\/06\/patio-Infantil2-300x173.jpg 300w, https:\/\/cpisanjorge.catedu.es\/wp-content\/uploads\/sites\/169\/2022\/06\/patio-Infantil2-768x443.jpg 768w, https:\/\/cpisanjorge.catedu.es\/wp-content\/uploads\/sites\/169\/2022\/06\/patio-Infantil2-150x86.jpg 150w\" sizes=\"auto, (max-width: 999px) 100vw, 999px\" \/><\/a><\/figure>\n\n\n\n<figure class=\"wp-block-image size-large\"><a href=\"https:\/\/cpisanjorge.catedu.es\/wp-content\/uploads\/sites\/169\/2022\/06\/fachada2.jpg\"><img loading=\"lazy\" decoding=\"async\" width=\"771\" height=\"601\" data-id=\"5507\" src=\"https:\/\/cpisanjorge.catedu.es\/wp-content\/uploads\/sites\/169\/2022\/06\/fachada2.jpg\" alt=\"\" class=\"wp-image-5507\" srcset=\"https:\/\/cpisanjorge.catedu.es\/wp-content\/uploads\/sites\/169\/2022\/06\/fachada2.jpg 771w, https:\/\/cpisanjorge.catedu.es\/wp-content\/uploads\/sites\/169\/2022\/06\/fachada2-300x234.jpg 300w, https:\/\/cpisanjorge.catedu.es\/wp-content\/uploads\/sites\/169\/2022\/06\/fachada2-768x599.jpg 768w, https:\/\/cpisanjorge.catedu.es\/wp-content\/uploads\/sites\/169\/2022\/06\/fachada2-150x117.jpg 150w\" sizes=\"auto, (max-width: 771px) 100vw, 771px\" \/><\/a><\/figure>\n\n\n\n<figure class=\"wp-block-image size-large\"><a href=\"https:\/\/cpisanjorge.catedu.es\/wp-content\/uploads\/sites\/169\/2022\/06\/edificios2.jpg\"><img loading=\"lazy\" decoding=\"async\" width=\"904\" height=\"655\" data-id=\"5509\" src=\"https:\/\/cpisanjorge.catedu.es\/wp-content\/uploads\/sites\/169\/2022\/06\/edificios2.jpg\" alt=\"\" class=\"wp-image-5509\" srcset=\"https:\/\/cpisanjorge.catedu.es\/wp-content\/uploads\/sites\/169\/2022\/06\/edificios2.jpg 904w, https:\/\/cpisanjorge.catedu.es\/wp-content\/uploads\/sites\/169\/2022\/06\/edificios2-300x217.jpg 300w, https:\/\/cpisanjorge.catedu.es\/wp-content\/uploads\/sites\/169\/2022\/06\/edificios2-768x556.jpg 768w, https:\/\/cpisanjorge.catedu.es\/wp-content\/uploads\/sites\/169\/2022\/06\/edificios2-150x109.jpg 150w\" sizes=\"auto, (max-width: 904px) 100vw, 904px\" \/><\/a><\/figure>\n<\/figure>\n\n\n\n<p>Nuestro centro se distribuye en <strong>cuatro grandes edificios<\/strong>:<\/p>\n\n\n\n<p>El <strong>EDIFICIO DE EDUCACI\u00d3N INFANTIL<\/strong>, de forma ovalada y de una \u00fanica planta, cuenta con 9 aulas con ba\u00f1os incorporados, una Sala de Psicomotricidad, el aula Encanto (aula preferente TEA) , el aula de Audici\u00f3n y Lenguaje, un espacio de Biblioteca Infantil, un espacio sensorial,  el patio psicomotor \u00ab<em>El libro de la selva<\/em>\u00bb y el patio de recreo \u00ab<em>Los Incre\u00edbles<\/em>\u00bb (con acceso directo desde todas las aulas).<\/p>\n\n\n\n<p>Por su parte, el <strong>EDIFICIO DE EDUCACI\u00d3N PRIMARIA<\/strong> se distribuye en 3 plantas. <\/p>\n\n\n\n<ul class=\"wp-block-list\">\n<li>En la planta baja se encuentran las 6 primeras aulas, el despacho de Jefatura de estudios, la secretar\u00eda del centro, el Sal\u00f3n Multiusos, el gimnasio (con salida directa al huerto), la sala para profesorado, la Sala AMPA, la conserjer\u00eda y el patio de recreo \u00ab<em>Lo que el viento se llev\u00f3<\/em>\u00ab. <\/li>\n\n\n\n<li>La primera planta cuenta con 10 aulas, la biblioteca del centro, el aula de Inform\u00e1tica, el despacho de orientaci\u00f3n educativa, un aula de Pedagog\u00eda Terap\u00e9utica, el aula de Religi\u00f3n y 2 aulas para desdobles. Desde esta planta se accede al patio de recreo \u00ab<em>Mary Poppins<\/em>\u00ab. <\/li>\n\n\n\n<li>Por \u00faltimo, en la segunda planta se ubican las cuatro \u00faltimas aulas, el departamento de ingl\u00e9s, las aulas de M\u00fasica y Pl\u00e1stica,  y 3 aulas para desdobles.<\/li>\n<\/ul>\n\n\n\n<p>Ubicado perpendicularmente a Primaria se encuentra el edificio de <strong>EDUCACI\u00d3N SECUNDARIA<\/strong>. Aunque todav\u00eda se encuentra en fase de construcci\u00f3n, una parte del mismo ya est\u00e1 siendo utilizada desde este curso escolar 22-23. Adem\u00e1s de las aulas correspondientes, tambi\u00e9n se ubican los despachos de Direcci\u00f3n y Jefatura de estudios de la ESO.<\/p>\n\n\n\n<p>El <strong>COMEDOR<\/strong> es el edificio que se encuentra junto a la puerta principal del centro. <\/p>\n","protected":false},"excerpt":{"rendered":"<p>El CPI San Jorge es un centro educativo p\u00fablico que se encuentra en el barrio de Valdespartera, en la zona sur de Zaragoza. Su construcci\u00f3n se inici\u00f3 en el a\u00f1o 2013 como Colegio P\u00fablico de Educaci\u00f3n Infantil y Primaria. Durante el curso 2018-19 se consolida el cambio de denominaci\u00f3n a &#8230;<\/p>\n<p> <a class=\"continue-reading-link\" href=\"https:\/\/cpisanjorge.catedu.es\/?page_id=29\"><span>Continue reading<\/span><i class=\"crycon-right-dir\"><\/i><\/a> <\/p>\n","protected":false},"author":580,"featured_media":0,"parent":0,"menu_order":0,"comment_status":"closed","ping_status":"closed","template":"onecolumn-page.php","meta":{"_uag_custom_page_level_css":"","_monsterinsights_skip_tracking":false,"_monsterinsights_sitenote_active":false,"_monsterinsights_sitenote_note":"","_monsterinsights_sitenote_category":0,"footnotes":""},"class_list":["post-29","page","type-page","status-publish","hentry"],"uagb_featured_image_src":{"full":false,"thumbnail":false,"medium":false,"medium_large":false,"large":false,"1536x1536":false,"2048x2048":false,"post-thumbnail":false,"header":false,"slider":false,"columns":false,"custom":false},"uagb_author_info":{"display_name":"CPI SAN JORGE ZARAGOZA","author_link":"https:\/\/cpisanjorge.catedu.es\/?author=580"},"uagb_comment_info":0,"uagb_excerpt":"El CPI San Jorge es un centro educativo p\u00fablico que se encuentra en el barrio de Valdespartera, en la zona sur de Zaragoza. Su construcci\u00f3n se inici\u00f3 en el a\u00f1o 2013 como Colegio P\u00fablico de Educaci\u00f3n Infantil y Primaria. Durante el curso 2018-19 se consolida el cambio de denominaci\u00f3n a ... Continue reading","_links":{"self":[{"href":"https:\/\/cpisanjorge.catedu.es\/index.php?rest_route=\/wp\/v2\/pages\/29","targetHints":{"allow":["GET"]}}],"collection":[{"href":"https:\/\/cpisanjorge.catedu.es\/index.php?rest_route=\/wp\/v2\/pages"}],"about":[{"href":"https:\/\/cpisanjorge.catedu.es\/index.php?rest_route=\/wp\/v2\/types\/page"}],"author":[{"embeddable":true,"href":"https:\/\/cpisanjorge.catedu.es\/index.php?rest_route=\/wp\/v2\/users\/580"}],"replies":[{"embeddable":true,"href":"https:\/\/cpisanjorge.catedu.es\/index.php?rest_route=%2Fwp%2Fv2%2Fcomments&post=29"}],"version-history":[{"count":72,"href":"https:\/\/cpisanjorge.catedu.es\/index.php?rest_route=\/wp\/v2\/pages\/29\/revisions"}],"predecessor-version":[{"id":6714,"href":"https:\/\/cpisanjorge.catedu.es\/index.php?rest_route=\/wp\/v2\/pages\/29\/revisions\/6714"}],"wp:attachment":[{"href":"https:\/\/cpisanjorge.catedu.es\/index.php?rest_route=%2Fwp%2Fv2%2Fmedia&parent=29"}],"curies":[{"name":"wp","href":"https:\/\/api.w.org\/{rel}","templated":true}]}}