{"id":280,"date":"2019-01-14T23:47:10","date_gmt":"2019-01-14T23:47:10","guid":{"rendered":"http:\/\/cpisanjorge.catedu.es\/?page_id=280"},"modified":"2019-01-18T18:56:22","modified_gmt":"2019-01-18T18:56:22","slug":"mira-y-actua","status":"publish","type":"page","link":"https:\/\/cpisanjorge.catedu.es\/?page_id=280","title":{"rendered":"Mira y Act\u00faa"},"content":{"rendered":"\n<p>Durante el curso 2017-18, el Departamento de Educaci\u00f3n, Cultura y Deporte del Gobierno de Arag\u00f3n lanz\u00f3 la convocatoria por la que se establec\u00eda el programa de formaci\u00f3n MIRA y ACT\u00daA: formaci\u00f3n para el desarrollo profesional docente a trav\u00e9s de estancias formativas\u201d. <\/p>\n\n\n\n<p>Dicho programa permite realizar una estancia de tres d\u00edas en otro centro educativo con el fin de actualizar conocimientos y habilidades pedag\u00f3gicos, y descubrir proyectos implementados en esos centros, posibilitando colaborar y compartir experiencias y conocimientos entre iguales en un contexto pr\u00e1ctico. <\/p>\n\n\n\n<blockquote class=\"wp-block-quote is-layout-flow wp-block-quote-is-layout-flow\"><p>Nuestro centro particip\u00f3 en dicha convocatoria, como centro observador, siendo el punto de partida de la propuesta formativa de Patios Activos del curso 2018-19.<\/p><\/blockquote>\n","protected":false},"excerpt":{"rendered":"<p>Durante el curso 2017-18, el Departamento de Educaci\u00f3n, Cultura y Deporte del Gobierno de Arag\u00f3n lanz\u00f3 la convocatoria por la que se establec\u00eda el programa de formaci\u00f3n MIRA y ACT\u00daA: formaci\u00f3n para el desarrollo profesional docente a trav\u00e9s de estancias formativas\u201d. Dicho programa permite realizar una estancia de tres d\u00edas &#8230;<\/p>\n<p> <a class=\"continue-reading-link\" href=\"https:\/\/cpisanjorge.catedu.es\/?page_id=280\"><span>Continue reading<\/span><i class=\"crycon-right-dir\"><\/i><\/a> <\/p>\n","protected":false},"author":580,"featured_media":0,"parent":0,"menu_order":0,"comment_status":"closed","ping_status":"closed","template":"","meta":{"_monsterinsights_skip_tracking":false,"_monsterinsights_sitenote_active":false,"_monsterinsights_sitenote_note":"","_monsterinsights_sitenote_category":0,"footnotes":""},"class_list":["post-280","page","type-page","status-publish","hentry"],"_links":{"self":[{"href":"https:\/\/cpisanjorge.catedu.es\/index.php?rest_route=\/wp\/v2\/pages\/280","targetHints":{"allow":["GET"]}}],"collection":[{"href":"https:\/\/cpisanjorge.catedu.es\/index.php?rest_route=\/wp\/v2\/pages"}],"about":[{"href":"https:\/\/cpisanjorge.catedu.es\/index.php?rest_route=\/wp\/v2\/types\/page"}],"author":[{"embeddable":true,"href":"https:\/\/cpisanjorge.catedu.es\/index.php?rest_route=\/wp\/v2\/users\/580"}],"replies":[{"embeddable":true,"href":"https:\/\/cpisanjorge.catedu.es\/index.php?rest_route=%2Fwp%2Fv2%2Fcomments&post=280"}],"version-history":[{"count":2,"href":"https:\/\/cpisanjorge.catedu.es\/index.php?rest_route=\/wp\/v2\/pages\/280\/revisions"}],"predecessor-version":[{"id":910,"href":"https:\/\/cpisanjorge.catedu.es\/index.php?rest_route=\/wp\/v2\/pages\/280\/revisions\/910"}],"wp:attachment":[{"href":"https:\/\/cpisanjorge.catedu.es\/index.php?rest_route=%2Fwp%2Fv2%2Fmedia&parent=280"}],"curies":[{"name":"wp","href":"https:\/\/api.w.org\/{rel}","templated":true}]}}