{"id":276,"date":"2019-01-14T23:46:48","date_gmt":"2019-01-14T23:46:48","guid":{"rendered":"http:\/\/cpisanjorge.catedu.es\/?page_id=276"},"modified":"2020-02-23T11:25:14","modified_gmt":"2020-02-23T11:25:14","slug":"patios-activos","status":"publish","type":"page","link":"https:\/\/cpisanjorge.catedu.es\/?page_id=276","title":{"rendered":"Patios Activos"},"content":{"rendered":"\n<blockquote class=\"wp-block-quote is-layout-flow wp-block-quote-is-layout-flow\"><p>Con el fin de reflexionar sobre el dise\u00f1o de los patios de recreo en nuestro centro, se plantea, en el curso 2018-19, el seminario formativo  \u00abDinamizaci\u00f3n de patios escolares\u00bb.<\/p><cite><br \/><\/cite><\/blockquote>\n\n\n\n<p>Nuestro objetivo, desde ese momento, ha sido redise\u00f1ar los espacios de recreo para favorecer la interacci\u00f3n social, adquirir h\u00e1bitos saludables y favorecer la convivencia. En definitiva, potenciar un ambiente de recreo positivo y activo, ofreciendo a nuestro alumnado nuevas alternativas.<\/p>\n\n\n\n<div style=\"width: 100%;\"><div style=\"position: relative; padding-bottom: 56.25%; padding-top: 0; height: 0;\"><iframe loading=\"lazy\" frameborder=\"0\" width=\"1200px\" height=\"675px\" style=\"position: absolute; top: 0; left: 0; width: 100%; height: 100%;\" src=\"https:\/\/view.genial.ly\/5e1e301d753abd1738fd972d\" type=\"text\/html\" allowscriptaccess=\"always\" allowfullscreen=\"true\" scrolling=\"yes\" allownetworking=\"all\"><\/iframe> <\/div> <\/div>\n","protected":false},"excerpt":{"rendered":"<p>Con el fin de reflexionar sobre el dise\u00f1o de los patios de recreo en nuestro centro, se plantea, en el curso 2018-19, el seminario formativo \u00abDinamizaci\u00f3n de patios escolares\u00bb. Nuestro objetivo, desde ese momento, ha sido redise\u00f1ar los espacios de recreo para favorecer la interacci\u00f3n social, adquirir h\u00e1bitos saludables y &#8230;<\/p>\n<p> <a class=\"continue-reading-link\" href=\"https:\/\/cpisanjorge.catedu.es\/?page_id=276\"><span>Continue reading<\/span><i class=\"crycon-right-dir\"><\/i><\/a> <\/p>\n","protected":false},"author":580,"featured_media":0,"parent":0,"menu_order":0,"comment_status":"closed","ping_status":"closed","template":"","meta":{"_uag_custom_page_level_css":"","_monsterinsights_skip_tracking":false,"_monsterinsights_sitenote_active":false,"_monsterinsights_sitenote_note":"","_monsterinsights_sitenote_category":0,"footnotes":""},"class_list":["post-276","page","type-page","status-publish","hentry"],"uagb_featured_image_src":{"full":false,"thumbnail":false,"medium":false,"medium_large":false,"large":false,"1536x1536":false,"2048x2048":false,"post-thumbnail":false,"header":false,"slider":false,"columns":false,"custom":false},"uagb_author_info":{"display_name":"CPI SAN JORGE ZARAGOZA","author_link":"https:\/\/cpisanjorge.catedu.es\/?author=580"},"uagb_comment_info":0,"uagb_excerpt":"Con el fin de reflexionar sobre el dise\u00f1o de los patios de recreo en nuestro centro, se plantea, en el curso 2018-19, el seminario formativo \u00abDinamizaci\u00f3n de patios escolares\u00bb. Nuestro objetivo, desde ese momento, ha sido redise\u00f1ar los espacios de recreo para favorecer la interacci\u00f3n social, adquirir h\u00e1bitos saludables y ... Continue reading","_links":{"self":[{"href":"https:\/\/cpisanjorge.catedu.es\/index.php?rest_route=\/wp\/v2\/pages\/276","targetHints":{"allow":["GET"]}}],"collection":[{"href":"https:\/\/cpisanjorge.catedu.es\/index.php?rest_route=\/wp\/v2\/pages"}],"about":[{"href":"https:\/\/cpisanjorge.catedu.es\/index.php?rest_route=\/wp\/v2\/types\/page"}],"author":[{"embeddable":true,"href":"https:\/\/cpisanjorge.catedu.es\/index.php?rest_route=\/wp\/v2\/users\/580"}],"replies":[{"embeddable":true,"href":"https:\/\/cpisanjorge.catedu.es\/index.php?rest_route=%2Fwp%2Fv2%2Fcomments&post=276"}],"version-history":[{"count":5,"href":"https:\/\/cpisanjorge.catedu.es\/index.php?rest_route=\/wp\/v2\/pages\/276\/revisions"}],"predecessor-version":[{"id":2560,"href":"https:\/\/cpisanjorge.catedu.es\/index.php?rest_route=\/wp\/v2\/pages\/276\/revisions\/2560"}],"wp:attachment":[{"href":"https:\/\/cpisanjorge.catedu.es\/index.php?rest_route=%2Fwp%2Fv2%2Fmedia&parent=276"}],"curies":[{"name":"wp","href":"https:\/\/api.w.org\/{rel}","templated":true}]}}