{"id":274,"date":"2019-01-14T23:46:28","date_gmt":"2019-01-14T23:46:28","guid":{"rendered":"http:\/\/cpisanjorge.catedu.es\/?page_id=274"},"modified":"2021-10-17T19:24:37","modified_gmt":"2021-10-17T19:24:37","slug":"apertura-de-centros","status":"publish","type":"page","link":"https:\/\/cpisanjorge.catedu.es\/?page_id=274","title":{"rendered":"Apertura de centros"},"content":{"rendered":"\n<div class=\"wp-block-cover has-background-dim\" style=\"background-image:url(https:\/\/cpisanjorge.catedu.es\/wp-content\/uploads\/sites\/169\/2019\/07\/apertura-de-centros-1024x683.jpg)\"><div class=\"wp-block-cover__inner-container is-layout-flow wp-block-cover-is-layout-flow\">\n<p class=\"has-text-align-center has-very-light-gray-color has-text-color has-large-font-size\"> A trav\u00e9s de este Programa, nuestro centro pueden ofrecer actividades y servicios complementarios para ampliar su oferta educativa y atender las nuevas demandas sociales. <\/p>\n<\/div><\/div>\n\n\n\n<p>OBJETIVOS:<\/p>\n\n\n\n<ul class=\"wp-block-list\"><li>Responder a la demanda derivada de la problem\u00e1tica familiar que surge al compatibilizar horarios escolares y laborales de las familias de nuestro alumnado<\/li><li>Facilitar actividades alternativas que ocupen parte del tiempo libre de los ni\u00f1os-as con aspectos l\u00fadicos y formativos<\/li><li>Ofrecer actividades que despierten nuevos intereses en el alumnado&nbsp;&nbsp; <\/li><li>Implicar a las familias en el biling\u00fcismo a trav\u00e9s de formaci\u00f3n en ingl\u00e9s para que contribuyan a la eficacia del programa biling\u00fce<\/li><li>Promover junto al AMPA una Escuela para la Familia, donde se compartan las inquietudes sobre la educaci\u00f3n no formal de los hijos-as<\/li><li>Convertir la escuela en un lugar de encuentro familia-escuela dentro y fuera del horario escolar<\/li><li>Continuar la apertura de la biblioteca de Centro abierta a la Comunidad Escolar del CPI San Jorge<\/li><\/ul>\n\n\n\n<figure class=\"wp-block-image size-large\"><a href=\"https:\/\/cpisanjorge.catedu.es\/wp-content\/uploads\/sites\/169\/2021\/10\/Plan-corresponsables.png\"><img loading=\"lazy\" decoding=\"async\" width=\"568\" height=\"148\" src=\"https:\/\/cpisanjorge.catedu.es\/wp-content\/uploads\/sites\/169\/2021\/10\/Plan-corresponsables.png\" alt=\"\" class=\"wp-image-4386\" srcset=\"https:\/\/cpisanjorge.catedu.es\/wp-content\/uploads\/sites\/169\/2021\/10\/Plan-corresponsables.png 568w, https:\/\/cpisanjorge.catedu.es\/wp-content\/uploads\/sites\/169\/2021\/10\/Plan-corresponsables-300x78.png 300w, https:\/\/cpisanjorge.catedu.es\/wp-content\/uploads\/sites\/169\/2021\/10\/Plan-corresponsables-150x39.png 150w\" sizes=\"auto, (max-width: 568px) 100vw, 568px\" \/><\/a><figcaption><strong><a href=\"https:\/\/educa.aragon.es\/web\/guest\/-\/apertura_centros\/plan_corresponsables\">Plan Corresponsables<\/a><\/strong><\/figcaption><\/figure>\n","protected":false},"excerpt":{"rendered":"<p>OBJETIVOS: Responder a la demanda derivada de la problem\u00e1tica familiar que surge al compatibilizar horarios escolares y laborales de las familias de nuestro alumnado Facilitar actividades alternativas que ocupen parte del tiempo libre de los ni\u00f1os-as con aspectos l\u00fadicos y formativos Ofrecer actividades que despierten nuevos intereses en el alumnado&nbsp;&nbsp; &#8230;<\/p>\n<p> <a class=\"continue-reading-link\" href=\"https:\/\/cpisanjorge.catedu.es\/?page_id=274\"><span>Continue reading<\/span><i class=\"crycon-right-dir\"><\/i><\/a> <\/p>\n","protected":false},"author":580,"featured_media":0,"parent":0,"menu_order":0,"comment_status":"closed","ping_status":"closed","template":"","meta":{"_uag_custom_page_level_css":"","_monsterinsights_skip_tracking":false,"_monsterinsights_sitenote_active":false,"_monsterinsights_sitenote_note":"","_monsterinsights_sitenote_category":0,"footnotes":""},"class_list":["post-274","page","type-page","status-publish","hentry"],"uagb_featured_image_src":{"full":false,"thumbnail":false,"medium":false,"medium_large":false,"large":false,"1536x1536":false,"2048x2048":false,"post-thumbnail":false,"header":false,"slider":false,"columns":false,"custom":false},"uagb_author_info":{"display_name":"CPI SAN JORGE ZARAGOZA","author_link":"https:\/\/cpisanjorge.catedu.es\/?author=580"},"uagb_comment_info":0,"uagb_excerpt":"OBJETIVOS: Responder a la demanda derivada de la problem\u00e1tica familiar que surge al compatibilizar horarios escolares y laborales de las familias de nuestro alumnado Facilitar actividades alternativas que ocupen parte del tiempo libre de los ni\u00f1os-as con aspectos l\u00fadicos y formativos Ofrecer actividades que despierten nuevos intereses en el alumnado&nbsp;&nbsp; ... Continue reading","_links":{"self":[{"href":"https:\/\/cpisanjorge.catedu.es\/index.php?rest_route=\/wp\/v2\/pages\/274","targetHints":{"allow":["GET"]}}],"collection":[{"href":"https:\/\/cpisanjorge.catedu.es\/index.php?rest_route=\/wp\/v2\/pages"}],"about":[{"href":"https:\/\/cpisanjorge.catedu.es\/index.php?rest_route=\/wp\/v2\/types\/page"}],"author":[{"embeddable":true,"href":"https:\/\/cpisanjorge.catedu.es\/index.php?rest_route=\/wp\/v2\/users\/580"}],"replies":[{"embeddable":true,"href":"https:\/\/cpisanjorge.catedu.es\/index.php?rest_route=%2Fwp%2Fv2%2Fcomments&post=274"}],"version-history":[{"count":7,"href":"https:\/\/cpisanjorge.catedu.es\/index.php?rest_route=\/wp\/v2\/pages\/274\/revisions"}],"predecessor-version":[{"id":4387,"href":"https:\/\/cpisanjorge.catedu.es\/index.php?rest_route=\/wp\/v2\/pages\/274\/revisions\/4387"}],"wp:attachment":[{"href":"https:\/\/cpisanjorge.catedu.es\/index.php?rest_route=%2Fwp%2Fv2%2Fmedia&parent=274"}],"curies":[{"name":"wp","href":"https:\/\/api.w.org\/{rel}","templated":true}]}}