{"id":247,"date":"2022-01-26T23:38:00","date_gmt":"2022-01-26T23:38:00","guid":{"rendered":"http:\/\/cpisanjorge.catedu.es\/?page_id=247"},"modified":"2022-02-28T18:40:25","modified_gmt":"2022-02-28T18:40:25","slug":"tiempos-escolares","status":"publish","type":"page","link":"https:\/\/cpisanjorge.catedu.es\/?page_id=247","title":{"rendered":"Tiempos Escolares"},"content":{"rendered":"\n<p>Durante el presente curso escolar 2021-22, se ha aprobado la implantaci\u00f3n de nuestro <strong>Proyecto Educativo de Organizaci\u00f3n de Tiempos Escolares<\/strong>. <\/p>\n\n\n\n<p>A continuaci\u00f3n puede consultarse o descargar el documento completo. <\/p>\n\n\n\n<div data-wp-interactive=\"core\/file\" class=\"wp-block-file\"><object data-wp-bind--hidden=\"!state.hasPdfPreview\" hidden class=\"wp-block-file__embed\" data=\"https:\/\/cpisanjorge.catedu.es\/wp-content\/uploads\/sites\/169\/2022\/02\/TIEMPOS-ESCOLARES-CPI-San-Jorge-21-22.pdf\" type=\"application\/pdf\" style=\"width:100%;height:600px\" aria-label=\"Incrustado de Incrustado de TIEMPOS-ESCOLARES-CPI-San-Jorge-21-22..\"><\/object><a id=\"wp-block-file--media-d3d021ca-89b5-4e43-9325-f99f68116714\" href=\"https:\/\/cpisanjorge.catedu.es\/wp-content\/uploads\/sites\/169\/2022\/02\/TIEMPOS-ESCOLARES-CPI-San-Jorge-21-22.pdf\">TIEMPOS-ESCOLARES-CPI-San-Jorge-21-22<\/a><a href=\"https:\/\/cpisanjorge.catedu.es\/wp-content\/uploads\/sites\/169\/2022\/02\/TIEMPOS-ESCOLARES-CPI-San-Jorge-21-22.pdf\" class=\"wp-block-file__button\" download aria-describedby=\"wp-block-file--media-d3d021ca-89b5-4e43-9325-f99f68116714\">Descarga<\/a><\/div>\n","protected":false},"excerpt":{"rendered":"<p>Durante el presente curso escolar 2021-22, se ha aprobado la implantaci\u00f3n de nuestro Proyecto Educativo de Organizaci\u00f3n de Tiempos Escolares. A continuaci\u00f3n puede consultarse o descargar el documento completo.<\/p>\n<p> <a class=\"continue-reading-link\" href=\"https:\/\/cpisanjorge.catedu.es\/?page_id=247\"><span>Continue reading<\/span><i class=\"crycon-right-dir\"><\/i><\/a> <\/p>\n","protected":false},"author":580,"featured_media":0,"parent":0,"menu_order":0,"comment_status":"closed","ping_status":"closed","template":"","meta":{"_uag_custom_page_level_css":"","_monsterinsights_skip_tracking":false,"_monsterinsights_sitenote_active":false,"_monsterinsights_sitenote_note":"","_monsterinsights_sitenote_category":0,"footnotes":""},"class_list":["post-247","page","type-page","status-publish","hentry"],"uagb_featured_image_src":{"full":false,"thumbnail":false,"medium":false,"medium_large":false,"large":false,"1536x1536":false,"2048x2048":false,"post-thumbnail":false,"header":false,"slider":false,"columns":false,"custom":false},"uagb_author_info":{"display_name":"CPI SAN JORGE ZARAGOZA","author_link":"https:\/\/cpisanjorge.catedu.es\/?author=580"},"uagb_comment_info":0,"uagb_excerpt":"Durante el presente curso escolar 2021-22, se ha aprobado la implantaci\u00f3n de nuestro Proyecto Educativo de Organizaci\u00f3n de Tiempos Escolares. A continuaci\u00f3n puede consultarse o descargar el documento completo. Continue reading","_links":{"self":[{"href":"https:\/\/cpisanjorge.catedu.es\/index.php?rest_route=\/wp\/v2\/pages\/247","targetHints":{"allow":["GET"]}}],"collection":[{"href":"https:\/\/cpisanjorge.catedu.es\/index.php?rest_route=\/wp\/v2\/pages"}],"about":[{"href":"https:\/\/cpisanjorge.catedu.es\/index.php?rest_route=\/wp\/v2\/types\/page"}],"author":[{"embeddable":true,"href":"https:\/\/cpisanjorge.catedu.es\/index.php?rest_route=\/wp\/v2\/users\/580"}],"replies":[{"embeddable":true,"href":"https:\/\/cpisanjorge.catedu.es\/index.php?rest_route=%2Fwp%2Fv2%2Fcomments&post=247"}],"version-history":[{"count":39,"href":"https:\/\/cpisanjorge.catedu.es\/index.php?rest_route=\/wp\/v2\/pages\/247\/revisions"}],"predecessor-version":[{"id":5096,"href":"https:\/\/cpisanjorge.catedu.es\/index.php?rest_route=\/wp\/v2\/pages\/247\/revisions\/5096"}],"wp:attachment":[{"href":"https:\/\/cpisanjorge.catedu.es\/index.php?rest_route=%2Fwp%2Fv2%2Fmedia&parent=247"}],"curies":[{"name":"wp","href":"https:\/\/api.w.org\/{rel}","templated":true}]}}