{"id":225,"date":"2019-01-14T23:26:39","date_gmt":"2019-01-14T23:26:39","guid":{"rendered":"http:\/\/cpisanjorge.catedu.es\/?page_id=225"},"modified":"2023-08-22T08:44:37","modified_gmt":"2023-08-22T08:44:37","slug":"orientacion-educativa","status":"publish","type":"page","link":"https:\/\/cpisanjorge.catedu.es\/?page_id=225","title":{"rendered":"Orientaci\u00f3n educativa"},"content":{"rendered":"\n<blockquote class=\"wp-block-quote is-layout-flow wp-block-quote-is-layout-flow\">\n<p>El  Equipo de Orientaci\u00f3n est\u00e1 formado por la Orientadora, como coordinadora, y las especialistas tanto de Pedagog\u00eda Terap\u00e9utica como de Audici\u00f3n y Lenguaje. <\/p>\n<\/blockquote>\n\n\n\n<p>Este equipo se encarga de:\n<\/p>\n\n\n\n<ul class=\"wp-block-list\">\n<li>Desarrollar diversas propuestas de orientaci\u00f3n educativa.<\/li>\n\n\n\n<li>Facilitar la ejecuci\u00f3n efectiva de la atenci\u00f3n a la diversidad.<\/li>\n\n\n\n<li>La mejora de la convivencia y la prevenci\u00f3n de los conflictos (en colaboraci\u00f3n con la comisi\u00f3n de Convivencia Escolar).<\/li>\n<\/ul>\n","protected":false},"excerpt":{"rendered":"<p>El Equipo de Orientaci\u00f3n est\u00e1 formado por la Orientadora, como coordinadora, y las especialistas tanto de Pedagog\u00eda Terap\u00e9utica como de Audici\u00f3n y Lenguaje. Este equipo se encarga de:<\/p>\n<p> <a class=\"continue-reading-link\" href=\"https:\/\/cpisanjorge.catedu.es\/?page_id=225\"><span>Continue reading<\/span><i class=\"crycon-right-dir\"><\/i><\/a> <\/p>\n","protected":false},"author":580,"featured_media":0,"parent":0,"menu_order":0,"comment_status":"closed","ping_status":"closed","template":"","meta":{"_uag_custom_page_level_css":"","_monsterinsights_skip_tracking":false,"_monsterinsights_sitenote_active":false,"_monsterinsights_sitenote_note":"","_monsterinsights_sitenote_category":0,"footnotes":""},"class_list":["post-225","page","type-page","status-publish","hentry"],"uagb_featured_image_src":{"full":false,"thumbnail":false,"medium":false,"medium_large":false,"large":false,"1536x1536":false,"2048x2048":false,"post-thumbnail":false,"header":false,"slider":false,"columns":false,"custom":false},"uagb_author_info":{"display_name":"CPI SAN JORGE ZARAGOZA","author_link":"https:\/\/cpisanjorge.catedu.es\/?author=580"},"uagb_comment_info":0,"uagb_excerpt":"El Equipo de Orientaci\u00f3n est\u00e1 formado por la Orientadora, como coordinadora, y las especialistas tanto de Pedagog\u00eda Terap\u00e9utica como de Audici\u00f3n y Lenguaje. Este equipo se encarga de: Continue reading","_links":{"self":[{"href":"https:\/\/cpisanjorge.catedu.es\/index.php?rest_route=\/wp\/v2\/pages\/225","targetHints":{"allow":["GET"]}}],"collection":[{"href":"https:\/\/cpisanjorge.catedu.es\/index.php?rest_route=\/wp\/v2\/pages"}],"about":[{"href":"https:\/\/cpisanjorge.catedu.es\/index.php?rest_route=\/wp\/v2\/types\/page"}],"author":[{"embeddable":true,"href":"https:\/\/cpisanjorge.catedu.es\/index.php?rest_route=\/wp\/v2\/users\/580"}],"replies":[{"embeddable":true,"href":"https:\/\/cpisanjorge.catedu.es\/index.php?rest_route=%2Fwp%2Fv2%2Fcomments&post=225"}],"version-history":[{"count":23,"href":"https:\/\/cpisanjorge.catedu.es\/index.php?rest_route=\/wp\/v2\/pages\/225\/revisions"}],"predecessor-version":[{"id":6751,"href":"https:\/\/cpisanjorge.catedu.es\/index.php?rest_route=\/wp\/v2\/pages\/225\/revisions\/6751"}],"wp:attachment":[{"href":"https:\/\/cpisanjorge.catedu.es\/index.php?rest_route=%2Fwp%2Fv2%2Fmedia&parent=225"}],"curies":[{"name":"wp","href":"https:\/\/api.w.org\/{rel}","templated":true}]}}