{"id":221,"date":"2022-01-10T23:25:00","date_gmt":"2022-01-10T23:25:00","guid":{"rendered":"http:\/\/cpisanjorge.catedu.es\/?page_id=221"},"modified":"2023-07-03T09:06:32","modified_gmt":"2023-07-03T09:06:32","slug":"formacion","status":"publish","type":"page","link":"https:\/\/cpisanjorge.catedu.es\/?page_id=221","title":{"rendered":"Formaci\u00f3n"},"content":{"rendered":"\n<p><\/p>\n\n\n\n<p class=\"has-text-align-left has-black-color has-text-color\">Cada curso escolar, nuestro centro establece unas <strong>l\u00edneas prioritarias para la  actualizaci\u00f3n formativa del profesorado<\/strong>. Dichas l\u00edneas parten de las  necesidades detectadas por el claustro y de la experiencia de cursos anteriores, as\u00ed como  de posibles propuestas de innovaci\u00f3n educativa que puedan ser de inter\u00e9s para nuestro centro. <\/p>\n\n\n\n<p>Todo ello se recoge en el <strong>PLAN DE FORMACI\u00d3N<\/strong>, que se elabora anualmente en colaboraci\u00f3n con el Centro de Profesorado Mar\u00eda de \u00c1vila.<\/p>\n\n\n\n<p><\/p>\n","protected":false},"excerpt":{"rendered":"<p>Cada curso escolar, nuestro centro establece unas l\u00edneas prioritarias para la actualizaci\u00f3n formativa del profesorado. Dichas l\u00edneas parten de las necesidades detectadas por el claustro y de la experiencia de cursos anteriores, as\u00ed como de posibles propuestas de innovaci\u00f3n educativa que puedan ser de inter\u00e9s para nuestro centro. Todo ello &#8230;<\/p>\n<p> <a class=\"continue-reading-link\" href=\"https:\/\/cpisanjorge.catedu.es\/?page_id=221\"><span>Continue reading<\/span><i class=\"crycon-right-dir\"><\/i><\/a> <\/p>\n","protected":false},"author":580,"featured_media":0,"parent":0,"menu_order":0,"comment_status":"closed","ping_status":"closed","template":"","meta":{"_monsterinsights_skip_tracking":false,"_monsterinsights_sitenote_active":false,"_monsterinsights_sitenote_note":"","_monsterinsights_sitenote_category":0,"footnotes":""},"class_list":["post-221","page","type-page","status-publish","hentry"],"_links":{"self":[{"href":"https:\/\/cpisanjorge.catedu.es\/index.php?rest_route=\/wp\/v2\/pages\/221","targetHints":{"allow":["GET"]}}],"collection":[{"href":"https:\/\/cpisanjorge.catedu.es\/index.php?rest_route=\/wp\/v2\/pages"}],"about":[{"href":"https:\/\/cpisanjorge.catedu.es\/index.php?rest_route=\/wp\/v2\/types\/page"}],"author":[{"embeddable":true,"href":"https:\/\/cpisanjorge.catedu.es\/index.php?rest_route=\/wp\/v2\/users\/580"}],"replies":[{"embeddable":true,"href":"https:\/\/cpisanjorge.catedu.es\/index.php?rest_route=%2Fwp%2Fv2%2Fcomments&post=221"}],"version-history":[{"count":6,"href":"https:\/\/cpisanjorge.catedu.es\/index.php?rest_route=\/wp\/v2\/pages\/221\/revisions"}],"predecessor-version":[{"id":6674,"href":"https:\/\/cpisanjorge.catedu.es\/index.php?rest_route=\/wp\/v2\/pages\/221\/revisions\/6674"}],"wp:attachment":[{"href":"https:\/\/cpisanjorge.catedu.es\/index.php?rest_route=%2Fwp%2Fv2%2Fmedia&parent=221"}],"curies":[{"name":"wp","href":"https:\/\/api.w.org\/{rel}","templated":true}]}}